{"id":4136,"date":"2025-03-04T15:40:09","date_gmt":"2025-03-04T15:40:09","guid":{"rendered":"https:\/\/patrycjamarut.pl\/reduction-and-body-building-program\/"},"modified":"2025-03-04T15:40:58","modified_gmt":"2025-03-04T15:40:58","slug":"reduction-and-body-building-program","status":"publish","type":"page","link":"https:\/\/patrycjamarut.pl\/en\/reduction-and-body-building-program\/","title":{"rendered":"Reduction and body building program"},"content":{"rendered":"\t\t<div data-elementor-type=\"wp-page\" data-elementor-id=\"4136\" class=\"elementor elementor-4136 elementor-4128\" data-elementor-post-type=\"page\">\n\t\t\t\t<div class=\"elementor-element elementor-element-dc6fc91 e-flex e-con-boxed e-con e-parent\" data-id=\"dc6fc91\" data-element_type=\"container\" data-e-type=\"container\">\n\t\t\t\t\t<div class=\"e-con-inner\">\n\t\t\t\t<div class=\"elementor-element elementor-element-7fa0ebd elementor-widget elementor-widget-heading\" data-id=\"7fa0ebd\" data-element_type=\"widget\" data-e-type=\"widget\" data-widget_type=\"heading.default\">\n\t\t\t\t<div class=\"elementor-widget-container\">\n\t\t\t\t\t<h2 class=\"elementor-heading-title elementor-size-default\">We are currently working on this program. It will be available soon. <\/h2>\t\t\t\t<\/div>\n\t\t\t\t<\/div>\n\t\t\t\t\t<\/div>\n\t\t\t\t<\/div>\n\t\t\t\t<\/div>\n\t\t","protected":false},"excerpt":{"rendered":"<p>We are currently working on this program. It will be available soon.<\/p>\n","protected":false},"author":2,"featured_media":0,"parent":0,"menu_order":0,"comment_status":"closed","ping_status":"closed","template":"","meta":{"footnotes":""},"class_list":["post-4136","page","type-page","status-publish","hentry"],"jetpack_sharing_enabled":true,"jetpack-related-posts":[{"id":4124,"url":"https:\/\/patrycjamarut.pl\/en\/poladk-construction-program\/","url_meta":{"origin":4136,"position":0},"title":"Poladk Construction Program","author":"Patrycja Marut","date":"March 4, 2025","format":false,"excerpt":"We are currently working on this program. It will be available soon.","rel":"","context":"Similar post","block_context":{"text":"Similar post","link":""},"img":{"alt_text":"","src":"","width":0,"height":0},"classes":[]},{"id":4147,"url":"https:\/\/patrycjamarut.pl\/en\/home-training-program\/","url_meta":{"origin":4136,"position":1},"title":"Home training program","author":"Patrycja Marut","date":"March 4, 2025","format":false,"excerpt":"We are currently working on this program. It will be available soon.","rel":"","context":"Similar post","block_context":{"text":"Similar post","link":""},"img":{"alt_text":"","src":"","width":0,"height":0},"classes":[]},{"id":3529,"url":"https:\/\/patrycjamarut.pl\/en\/programs\/","url_meta":{"origin":4136,"position":2},"title":"Programs","author":"Patrycja Marut","date":"February 8, 2025","format":false,"excerpt":"[Programs] Training Programs I offer three ready-made training programs that address different needs and goals: Glute Building - for those wishing to strengthen and model the lower body; Reduction and Body Building - a comprehensive plan combining strength and cardio exercises that will help burn fat and sculpt the figure;\u2026","rel":"","context":"Similar post","block_context":{"text":"Similar post","link":""},"img":{"alt_text":"","src":"https:\/\/i0.wp.com\/patrycjamarut.pl\/wp-content\/uploads\/2025\/02\/ciezary2.png?resize=350%2C200&ssl=1","width":350,"height":200,"srcset":"https:\/\/i0.wp.com\/patrycjamarut.pl\/wp-content\/uploads\/2025\/02\/ciezary2.png?resize=350%2C200&ssl=1 1x, https:\/\/i0.wp.com\/patrycjamarut.pl\/wp-content\/uploads\/2025\/02\/ciezary2.png?resize=525%2C300&ssl=1 1.5x"},"classes":[]},{"id":3541,"url":"https:\/\/patrycjamarut.pl\/en\/training\/","url_meta":{"origin":4136,"position":3},"title":"Training","author":"Patrycja Marut","date":"February 6, 2025","format":false,"excerpt":"Individual Personal Training During an hour-long workout with me, I will comprehensively take care of every aspect of your fitness - from improving mobility to developing strength to strengthening your core. Each session is carefully tailored to your level and individual goals so you can achieve maximum results in a\u2026","rel":"","context":"Similar post","block_context":{"text":"Similar post","link":""},"img":{"alt_text":"","src":"https:\/\/i0.wp.com\/patrycjamarut.pl\/wp-content\/uploads\/2025\/02\/GM2-1.png?resize=350%2C200&ssl=1","width":350,"height":200,"srcset":"https:\/\/i0.wp.com\/patrycjamarut.pl\/wp-content\/uploads\/2025\/02\/GM2-1.png?resize=350%2C200&ssl=1 1x, https:\/\/i0.wp.com\/patrycjamarut.pl\/wp-content\/uploads\/2025\/02\/GM2-1.png?resize=525%2C300&ssl=1 1.5x"},"classes":[]},{"id":4140,"url":"https:\/\/patrycjamarut.pl\/program-treningu-domowego\/","url_meta":{"origin":4136,"position":4},"title":"Program treningu domowego","author":"Patrycja Marut","date":"March 4, 2025","format":false,"excerpt":"Obecnie pracujemy nad tym programem. Wkr\u00f3tce b\u0119dzie dost\u0119pny.","rel":"","context":"Similar post","block_context":{"text":"Similar post","link":""},"img":{"alt_text":"","src":"","width":0,"height":0},"classes":[]},{"id":4114,"url":"https:\/\/patrycjamarut.pl\/program-budowy-poladkow\/","url_meta":{"origin":4136,"position":5},"title":"Program Budowy Poladk\u00f3w","author":"Patrycja Marut","date":"March 4, 2025","format":false,"excerpt":"Obecnie pracujemy nad tym programem. Wkr\u00f3tce b\u0119dzie dost\u0119pny.","rel":"","context":"Similar post","block_context":{"text":"Similar post","link":""},"img":{"alt_text":"","src":"","width":0,"height":0},"classes":[]}],"_links":{"self":[{"href":"https:\/\/patrycjamarut.pl\/en\/wp-json\/wp\/v2\/pages\/4136","targetHints":{"allow":["GET"]}}],"collection":[{"href":"https:\/\/patrycjamarut.pl\/en\/wp-json\/wp\/v2\/pages"}],"about":[{"href":"https:\/\/patrycjamarut.pl\/en\/wp-json\/wp\/v2\/types\/page"}],"author":[{"embeddable":true,"href":"https:\/\/patrycjamarut.pl\/en\/wp-json\/wp\/v2\/users\/2"}],"replies":[{"embeddable":true,"href":"https:\/\/patrycjamarut.pl\/en\/wp-json\/wp\/v2\/comments?post=4136"}],"version-history":[{"count":1,"href":"https:\/\/patrycjamarut.pl\/en\/wp-json\/wp\/v2\/pages\/4136\/revisions"}],"predecessor-version":[{"id":4139,"href":"https:\/\/patrycjamarut.pl\/en\/wp-json\/wp\/v2\/pages\/4136\/revisions\/4139"}],"wp:attachment":[{"href":"https:\/\/patrycjamarut.pl\/en\/wp-json\/wp\/v2\/media?parent=4136"}],"curies":[{"name":"wp","href":"https:\/\/api.w.org\/{rel}","templated":true}]}}